{"id":1794,"date":"2013-09-09T11:10:52","date_gmt":"2013-09-09T11:10:52","guid":{"rendered":"http:\/\/broderi-speciale.dk\/wordpress\/?page_id=1794"},"modified":"2025-01-03T11:20:52","modified_gmt":"2025-01-03T11:20:52","slug":"gamle-og-nye-tekstiler-beklaedning","status":"publish","type":"page","link":"https:\/\/broderi-speciale.dk\/index.php\/gamle-og-nye-tekstiler-beklaedning\/","title":{"rendered":"Gamle og nye tekstiler &#8211; Bekl\u00e6dning"},"content":{"rendered":"\n<p>Uldstof.<br> Stand: Fin stand.<\/p>\n\n\n\n<figure class=\"wp-block-gallery has-nested-images columns-default is-cropped wp-block-gallery-1 is-layout-flex wp-block-gallery-is-layout-flex\">\n<figure class=\"wp-block-image size-large\"><a href=\"https:\/\/broderi-speciale.dk\/wp-content\/uploads\/2013\/09\/tj_06_lille_vest-1.jpg\"><img loading=\"lazy\" decoding=\"async\" width=\"500\" height=\"364\" data-id=\"1964\" src=\"https:\/\/broderi-speciale.dk\/wp-content\/uploads\/2013\/09\/tj_06_lille_vest-1.jpg\" alt=\"tj_06_lille_vest\" class=\"wp-image-1964\" srcset=\"https:\/\/broderi-speciale.dk\/wp-content\/uploads\/2013\/09\/tj_06_lille_vest-1.jpg 500w, https:\/\/broderi-speciale.dk\/wp-content\/uploads\/2013\/09\/tj_06_lille_vest-1-300x218.jpg 300w\" sizes=\"auto, (max-width: 500px) 100vw, 500px\" \/><\/a><\/figure>\n<\/figure>\n\n\n\n<figure class=\"wp-block-image\"><a href=\"https:\/\/broderi-speciale.dk\/wp-content\/uploads\/2013\/09\/tj_06_detalje_lille_vest-1.jpg\"><img decoding=\"async\" src=\"http:\/\/broderi-speciale.dk\/wordpress\/wp-content\/uploads\/2013\/09\/tj_06_detalje_lille_vest-300x236.jpg\" alt=\"tj_06_detalje_lille_vest\" class=\"wp-image-1966\"\/><\/a><\/figure>\n\n\n\n<p>&nbsp;<\/p>\n\n\n\n<p><strong>Lille vest<br>\n<\/strong>Pris: 50,-<br>\nNr: 06<br>\nBrystvidde: Ca. 73 cm.<br>\nL\u00e6ngde fra skulder og ned: Ca. 31 cm.<br>\nTeknik: Guldb\u00e5nd p\u00e5syet, applikation, spejle.<br>\nFarve: Gammelt guld p\u00e5 sort fl\u00f8jl, applikation i farver.<br>\nMaterialer: Guldb\u00e5nd, fl\u00f8jl, bomuldsstof.<br>\nStand: Gammel stand, 2 spejle mangler bag.<\/p>\n","protected":false},"excerpt":{"rendered":"<p>Uldstof. Stand: Fin stand. &nbsp; Lille vest Pris: 50,- Nr: 06 Brystvidde: Ca. 73 cm. L\u00e6ngde fra skulder og ned: Ca. 31 cm. Teknik: Guldb\u00e5nd p\u00e5syet, applikation, spejle. Farve: Gammelt guld p\u00e5 sort fl\u00f8jl, applikation i farver. Materialer: Guldb\u00e5nd, fl\u00f8jl, &hellip; <a href=\"https:\/\/broderi-speciale.dk\/index.php\/gamle-og-nye-tekstiler-beklaedning\/\">L\u00e6s resten <span class=\"meta-nav\">&rarr;<\/span><\/a><\/p>\n","protected":false},"author":2,"featured_media":0,"parent":0,"menu_order":0,"comment_status":"closed","ping_status":"closed","template":"","meta":{"footnotes":""},"class_list":["post-1794","page","type-page","status-publish","hentry"],"_links":{"self":[{"href":"https:\/\/broderi-speciale.dk\/index.php\/wp-json\/wp\/v2\/pages\/1794","targetHints":{"allow":["GET"]}}],"collection":[{"href":"https:\/\/broderi-speciale.dk\/index.php\/wp-json\/wp\/v2\/pages"}],"about":[{"href":"https:\/\/broderi-speciale.dk\/index.php\/wp-json\/wp\/v2\/types\/page"}],"author":[{"embeddable":true,"href":"https:\/\/broderi-speciale.dk\/index.php\/wp-json\/wp\/v2\/users\/2"}],"replies":[{"embeddable":true,"href":"https:\/\/broderi-speciale.dk\/index.php\/wp-json\/wp\/v2\/comments?post=1794"}],"version-history":[{"count":2,"href":"https:\/\/broderi-speciale.dk\/index.php\/wp-json\/wp\/v2\/pages\/1794\/revisions"}],"predecessor-version":[{"id":2864,"href":"https:\/\/broderi-speciale.dk\/index.php\/wp-json\/wp\/v2\/pages\/1794\/revisions\/2864"}],"wp:attachment":[{"href":"https:\/\/broderi-speciale.dk\/index.php\/wp-json\/wp\/v2\/media?parent=1794"}],"curies":[{"name":"wp","href":"https:\/\/api.w.org\/{rel}","templated":true}]}}