{"id":1800,"date":"2013-09-09T11:12:22","date_gmt":"2013-09-09T11:12:22","guid":{"rendered":"http:\/\/broderi-speciale.dk\/wordpress\/?page_id=1800"},"modified":"2025-08-05T11:45:41","modified_gmt":"2025-08-05T11:45:41","slug":"gamle-og-nye-tekstiler-kraver-1","status":"publish","type":"page","link":"https:\/\/broderi-speciale.dk\/index.php\/gamle-og-nye-tekstiler-kraver-1\/","title":{"rendered":"Gamle og nye tekstiler &#8211; Kraver 1"},"content":{"rendered":"\n<p><a href=\"https:\/\/broderi-speciale.dk\/wp-content\/uploads\/2013\/09\/kraver_06_hedebo_180-1.jpg\"><img loading=\"lazy\" decoding=\"async\" class=\"alignnone size-medium wp-image-2237\" src=\"http:\/\/broderi-speciale.dk\/wordpress\/wp-content\/uploads\/2013\/09\/kraver_06_hedebo_180-300x231.jpg\" alt=\"kraver_06_hedebo_180\" width=\"300\" height=\"231\"><\/a><br>\n<strong>Krave<\/strong><br>\nPris: 170,-<br>\nNr: 06<br>\nSt\u00f8rrelse: 50 cm halshul omkreds &#8211; 12,5 cm midt bag.<br>\nTeknik: Fransk broderi, engelske huller, udklipsbroderi.<br>\nFarve: R\u00e5hvid.<br>\nMaterialer: H\u00f8r.<br>\nStand: P\u00e6n stand<\/p>\n\n\n\n<figure class=\"wp-block-gallery has-nested-images columns-default is-cropped wp-block-gallery-1 is-layout-flex wp-block-gallery-is-layout-flex\">\n<figure class=\"wp-block-image size-large\"><a href=\"https:\/\/broderi-speciale.dk\/wp-content\/uploads\/2013\/09\/kraver_07_hedebo_240-1.jpg\"><img loading=\"lazy\" decoding=\"async\" width=\"500\" height=\"400\" data-id=\"2239\" src=\"https:\/\/broderi-speciale.dk\/wp-content\/uploads\/2013\/09\/kraver_07_hedebo_240-1.jpg\" alt=\"kraver_07_hedebo_240\" class=\"wp-image-2239\" srcset=\"https:\/\/broderi-speciale.dk\/wp-content\/uploads\/2013\/09\/kraver_07_hedebo_240-1.jpg 500w, https:\/\/broderi-speciale.dk\/wp-content\/uploads\/2013\/09\/kraver_07_hedebo_240-1-300x240.jpg 300w\" sizes=\"auto, (max-width: 500px) 100vw, 500px\" \/><\/a><\/figure>\n<\/figure>\n\n\n\n<figure class=\"wp-block-gallery has-nested-images columns-default is-cropped wp-block-gallery-2 is-layout-flex wp-block-gallery-is-layout-flex\">\n<figure class=\"wp-block-image size-large\"><a href=\"https:\/\/broderi-speciale.dk\/wp-content\/uploads\/2013\/09\/kraver_07_detalje_hedebo_240-1.jpg\"><img loading=\"lazy\" decoding=\"async\" width=\"500\" height=\"426\" data-id=\"2238\" src=\"https:\/\/broderi-speciale.dk\/wp-content\/uploads\/2013\/09\/kraver_07_detalje_hedebo_240-1.jpg\" alt=\"kraver_07_detalje_hedebo_240\" class=\"wp-image-2238\" srcset=\"https:\/\/broderi-speciale.dk\/wp-content\/uploads\/2013\/09\/kraver_07_detalje_hedebo_240-1.jpg 500w, https:\/\/broderi-speciale.dk\/wp-content\/uploads\/2013\/09\/kraver_07_detalje_hedebo_240-1-300x256.jpg 300w\" sizes=\"auto, (max-width: 500px) 100vw, 500px\" \/><\/a><\/figure>\n<\/figure>\n\n\n\n<p>&nbsp;<\/p>\n\n\n\n<p><strong>Krave<br>\n<\/strong>Pris: 220,-<br>\nNr: 07<br>\nSt\u00f8rrelse:&nbsp;52 cm halshul omkreds &#8211;&nbsp;9 cm midt bag.<br>\nTeknik: Udklipshedebo, hedeboblonde.<br>\nFarve: R\u00e5hvid.<br>\nMaterialer: H\u00f8r.<br>\nStand: Halshul \u00e6ndret tidligere, let slidt stand.<\/p>\n\n\n\n<p><strong>Krave<br>\n<\/strong>Pris: 255,-<br>\nNr: 10<br>\nSt\u00f8rrelse: 100 cm halshul omkreds, 13,5 cm midt bag.<br>\nTeknik: B\u00e5ndbroderi.<br>\nFarve: R\u00e5hvid.<br>\nMaterialer: Bomuld, h\u00f8r.<br>\nStand: Fin stand, 1 st\u00f8rre plet, f\u00e5 mindre.<\/p>\n\n\n\n<figure class=\"wp-block-gallery has-nested-images columns-default is-cropped wp-block-gallery-3 is-layout-flex wp-block-gallery-is-layout-flex\">\n<figure class=\"wp-block-image size-large\"><a href=\"https:\/\/broderi-speciale.dk\/wp-content\/uploads\/2013\/09\/kraver_11_bndbroderi-1.jpg\"><img loading=\"lazy\" decoding=\"async\" width=\"472\" height=\"1024\" data-id=\"2245\" src=\"https:\/\/broderi-speciale.dk\/wp-content\/uploads\/2013\/09\/kraver_11_bndbroderi-1-472x1024.jpg\" alt=\"kraver_11_bndbroderi\" class=\"wp-image-2245\" srcset=\"https:\/\/broderi-speciale.dk\/wp-content\/uploads\/2013\/09\/kraver_11_bndbroderi-1-472x1024.jpg 472w, https:\/\/broderi-speciale.dk\/wp-content\/uploads\/2013\/09\/kraver_11_bndbroderi-1-138x300.jpg 138w, https:\/\/broderi-speciale.dk\/wp-content\/uploads\/2013\/09\/kraver_11_bndbroderi-1.jpg 500w\" sizes=\"auto, (max-width: 472px) 100vw, 472px\" \/><\/a><\/figure>\n<\/figure>\n\n\n\n<p><\/p>\n\n\n\n<div><strong>Krave<\/strong><\/div>\n\n\n\n<div>Pris: 120,-<\/div>\n\n\n\n<div>Nr: 11<br>\nSt\u00f8rrelse: 55 cm halshul omkreds, 16 cm midt bag.<br>\nTeknik: B\u00e5ndbroderi med zig zag lidser.<br>\nFarve: R\u00e5hvid.<br>\nMaterialer: Bomuld.<br>\nStand: Fin stand.<\/div>\n\n\n\n<div><\/div>\n\n\n\n<div><\/div>\n\n\n\n<figure class=\"wp-block-image\"><a href=\"https:\/\/broderi-speciale.dk\/wp-content\/uploads\/2013\/09\/kraver_14__bndbroderi_ok_2-1.jpg\"><img decoding=\"async\" src=\"http:\/\/broderi-speciale.dk\/wordpress\/wp-content\/uploads\/2013\/09\/kraver_14__bndbroderi_ok_2-300x228.jpg\" alt=\"kraver_14__bndbroderi_ok_2\" class=\"wp-image-2250\"\/><\/a><\/figure>\n\n\n\n<div><\/div>\n\n\n\n<div><\/div>\n\n\n\n<div><strong>Krave<br>\n<\/strong>Pris: 25,-<br>\nNr: 14<br>\nSt\u00f8rrelse: 34 cm halshul omkreds, 4,5 cm midt bag.<br>\nTeknik: Sammensyning med b\u00e5nd.<br>\nFarve: R\u00e5hvid.<br>\nMaterialer: Syntetisk<br>\nStand: P\u00e6n stand.<\/div>\n","protected":false},"excerpt":{"rendered":"<p>Krave Pris: 170,- Nr: 06 St\u00f8rrelse: 50 cm halshul omkreds &#8211; 12,5 cm midt bag. Teknik: Fransk broderi, engelske huller, udklipsbroderi. Farve: R\u00e5hvid. Materialer: H\u00f8r. Stand: P\u00e6n stand &nbsp; Krave Pris: 220,- Nr: 07 St\u00f8rrelse:&nbsp;52 cm halshul omkreds &#8211;&nbsp;9 cm &hellip; <a href=\"https:\/\/broderi-speciale.dk\/index.php\/gamle-og-nye-tekstiler-kraver-1\/\">L\u00e6s resten <span class=\"meta-nav\">&rarr;<\/span><\/a><\/p>\n","protected":false},"author":2,"featured_media":0,"parent":0,"menu_order":0,"comment_status":"closed","ping_status":"closed","template":"","meta":{"footnotes":""},"class_list":["post-1800","page","type-page","status-publish","hentry"],"_links":{"self":[{"href":"https:\/\/broderi-speciale.dk\/index.php\/wp-json\/wp\/v2\/pages\/1800","targetHints":{"allow":["GET"]}}],"collection":[{"href":"https:\/\/broderi-speciale.dk\/index.php\/wp-json\/wp\/v2\/pages"}],"about":[{"href":"https:\/\/broderi-speciale.dk\/index.php\/wp-json\/wp\/v2\/types\/page"}],"author":[{"embeddable":true,"href":"https:\/\/broderi-speciale.dk\/index.php\/wp-json\/wp\/v2\/users\/2"}],"replies":[{"embeddable":true,"href":"https:\/\/broderi-speciale.dk\/index.php\/wp-json\/wp\/v2\/comments?post=1800"}],"version-history":[{"count":5,"href":"https:\/\/broderi-speciale.dk\/index.php\/wp-json\/wp\/v2\/pages\/1800\/revisions"}],"predecessor-version":[{"id":2927,"href":"https:\/\/broderi-speciale.dk\/index.php\/wp-json\/wp\/v2\/pages\/1800\/revisions\/2927"}],"wp:attachment":[{"href":"https:\/\/broderi-speciale.dk\/index.php\/wp-json\/wp\/v2\/media?parent=1800"}],"curies":[{"name":"wp","href":"https:\/\/api.w.org\/{rel}","templated":true}]}}