{"id":1808,"date":"2013-11-05T09:30:25","date_gmt":"2013-11-05T09:30:25","guid":{"rendered":"http:\/\/broderi-speciale.dk\/wordpress\/?page_id=1808"},"modified":"2025-01-03T11:46:44","modified_gmt":"2025-01-03T11:46:44","slug":"gamle-og-nye-tekstiler-udenlandsk-broderi","status":"publish","type":"page","link":"https:\/\/broderi-speciale.dk\/index.php\/gamle-og-nye-tekstiler-udenlandsk-broderi\/","title":{"rendered":"Gamle og nye tekstiler &#8211; Udenlandsk broderi"},"content":{"rendered":"\n<figure class=\"wp-block-gallery has-nested-images columns-default is-cropped wp-block-gallery-1 is-layout-flex wp-block-gallery-is-layout-flex\">\n<figure class=\"wp-block-image size-large\"><a href=\"https:\/\/broderi-speciale.dk\/wp-content\/uploads\/2013\/09\/ude_02_kina_bl_mls-1.jpg\"><img loading=\"lazy\" decoding=\"async\" width=\"500\" height=\"386\" data-id=\"2384\" src=\"https:\/\/broderi-speciale.dk\/wp-content\/uploads\/2013\/09\/ude_02_kina_bl_mls-1.jpg\" alt=\"ude_02_kina_bl_mls\" class=\"wp-image-2384\" srcset=\"https:\/\/broderi-speciale.dk\/wp-content\/uploads\/2013\/09\/ude_02_kina_bl_mls-1.jpg 500w, https:\/\/broderi-speciale.dk\/wp-content\/uploads\/2013\/09\/ude_02_kina_bl_mls-1-300x232.jpg 300w\" sizes=\"auto, (max-width: 500px) 100vw, 500px\" \/><\/a><\/figure>\n<\/figure>\n\n\n\n<p><\/p>\n\n\n\n<p><strong>Serviet<br><br><\/strong>Pris: 55,-<br> Nr: 02<br> St\u00f8rrelse: Ca. 20 cm i diameter.<br> Teknik: Fladsyning.<br> Farve: Flerfarvet.<br> Materialer: Silke.<br> Stand: P\u00e6n stand.\u00a0<\/p>\n\n\n\n<p>&nbsp;<\/p>\n\n\n\n<figure class=\"wp-block-gallery has-nested-images columns-default is-cropped wp-block-gallery-2 is-layout-flex wp-block-gallery-is-layout-flex\">\n<figure class=\"wp-block-image size-large\"><a href=\"https:\/\/broderi-speciale.dk\/wp-content\/uploads\/2013\/09\/ude_03_kina_sko_stk-1.jpg\"><img loading=\"lazy\" decoding=\"async\" width=\"500\" height=\"364\" data-id=\"2385\" src=\"https:\/\/broderi-speciale.dk\/wp-content\/uploads\/2013\/09\/ude_03_kina_sko_stk-1.jpg\" alt=\"ude_03_kina_sko_stk\" class=\"wp-image-2385\" srcset=\"https:\/\/broderi-speciale.dk\/wp-content\/uploads\/2013\/09\/ude_03_kina_sko_stk-1.jpg 500w, https:\/\/broderi-speciale.dk\/wp-content\/uploads\/2013\/09\/ude_03_kina_sko_stk-1-300x218.jpg 300w\" sizes=\"auto, (max-width: 500px) 100vw, 500px\" \/><\/a><\/figure>\n<\/figure>\n\n\n\n<p><\/p>\n\n\n\n<p><strong>Serviet<br><br><\/strong>Pris: 25,-<br> Nr: 03<br> St\u00f8rrelse: Ca. 21 x 21,5 cm.<br> Teknik: Fladsyning over papir.<br> Farve: Sort p\u00e5 bl\u00e5t stof.<br> Materialer: Silke.<br> Stand: Let slidt stand.\u00a0<\/p>\n\n\n\n<figure class=\"wp-block-gallery has-nested-images columns-default is-cropped wp-block-gallery-3 is-layout-flex wp-block-gallery-is-layout-flex\">\n<figure class=\"wp-block-image size-large\"><img loading=\"lazy\" decoding=\"async\" width=\"490\" height=\"1024\" data-id=\"2392\" src=\"https:\/\/broderi-speciale.dk\/wp-content\/uploads\/2013\/09\/ude_10_rmeborter-1-490x1024.jpg\" alt=\"ude_10_rmeborter\" class=\"wp-image-2392\" srcset=\"https:\/\/broderi-speciale.dk\/wp-content\/uploads\/2013\/09\/ude_10_rmeborter-1-490x1024.jpg 490w, https:\/\/broderi-speciale.dk\/wp-content\/uploads\/2013\/09\/ude_10_rmeborter-1-144x300.jpg 144w, https:\/\/broderi-speciale.dk\/wp-content\/uploads\/2013\/09\/ude_10_rmeborter-1.jpg 500w\" sizes=\"auto, (max-width: 490px) 100vw, 490px\" \/><\/figure>\n<\/figure>\n\n\n\n<p><\/p>\n\n\n\n<p><strong>L\u00f8ber\/ billede<\/strong><\/p>\n\n\n\n<p>Pris: 110,-<br> Nr: 10<br> St\u00f8rrelse: Ca. 24 cm x 58 cm.<br> Teknik: Schattersyning, fladsyning.<br> Farve: Flerfarvet.<br> Materialer: Silke.<br> Stand: Fint broderi, slidt og med pletter.\u00a0<\/p>\n\n\n\n<p>&nbsp;<\/p>\n\n\n\n<figure class=\"wp-block-gallery has-nested-images columns-default is-cropped wp-block-gallery-4 is-layout-flex wp-block-gallery-is-layout-flex\">\n<figure class=\"wp-block-image size-large\"><a href=\"https:\/\/broderi-speciale.dk\/wp-content\/uploads\/2013\/09\/ude_15_-_elefant-1.jpg\"><img loading=\"lazy\" decoding=\"async\" width=\"500\" height=\"672\" data-id=\"2398\" src=\"https:\/\/broderi-speciale.dk\/wp-content\/uploads\/2013\/09\/ude_15_-_elefant-1.jpg\" alt=\"ude_15_-_elefant\" class=\"wp-image-2398\" srcset=\"https:\/\/broderi-speciale.dk\/wp-content\/uploads\/2013\/09\/ude_15_-_elefant-1.jpg 500w, https:\/\/broderi-speciale.dk\/wp-content\/uploads\/2013\/09\/ude_15_-_elefant-1-223x300.jpg 223w\" sizes=\"auto, (max-width: 500px) 100vw, 500px\" \/><\/a><\/figure>\n<\/figure>\n\n\n\n<p><\/p>\n\n\n\n<p><strong>Del af traditionel v\u00e6gh\u00e6ng<br><br><\/strong>Pris: 50,-<br> Nr: 15<br> St\u00f8rrelse: Ca. 15 cm x 25 cm.<br> Teknik: Spejlbroderi, stigesting m.m.<br> Farve: Flere farver p\u00e5 gr\u00f8nt stof.<br> Materialer: Silke.<br> Stand: 2 spejle mangler, p\u00e6nt broderi.\u00a0<\/p>\n\n\n\n<p>&nbsp;<\/p>\n\n\n\n<figure class=\"wp-block-gallery has-nested-images columns-default is-cropped wp-block-gallery-5 is-layout-flex wp-block-gallery-is-layout-flex\">\n<figure class=\"wp-block-image size-large\"><a href=\"https:\/\/broderi-speciale.dk\/wp-content\/uploads\/2013\/09\/ude_19_ok_vgstykke_med_spejle-1.jpg\"><img loading=\"lazy\" decoding=\"async\" width=\"1024\" height=\"488\" data-id=\"2404\" src=\"https:\/\/broderi-speciale.dk\/wp-content\/uploads\/2013\/09\/ude_19_ok_vgstykke_med_spejle-1-1024x488.jpg\" alt=\"ude_19_ok_vgstykke_med_spejle\" class=\"wp-image-2404\" srcset=\"https:\/\/broderi-speciale.dk\/wp-content\/uploads\/2013\/09\/ude_19_ok_vgstykke_med_spejle-1-1024x488.jpg 1024w, https:\/\/broderi-speciale.dk\/wp-content\/uploads\/2013\/09\/ude_19_ok_vgstykke_med_spejle-1-300x143.jpg 300w, https:\/\/broderi-speciale.dk\/wp-content\/uploads\/2013\/09\/ude_19_ok_vgstykke_med_spejle-1-768x366.jpg 768w, https:\/\/broderi-speciale.dk\/wp-content\/uploads\/2013\/09\/ude_19_ok_vgstykke_med_spejle-1.jpg 1050w\" sizes=\"auto, (max-width: 1024px) 100vw, 1024px\" \/><\/a><\/figure>\n<\/figure>\n\n\n\n<p><\/p>\n\n\n\n<p><strong>V\u00e6gstykke<\/strong><br> Pris: 75,-<br> Nr: 19<br> St\u00f8rrelse:\u00a0Ca. 28 cm x 69 cm.<br> Teknik: Nedlagt broderi, spejlbroderi, fladsyning, m.m.<br> Farve: Flerfarvet.<br> Materialer: Bomuld, spejle.<br> Stand: Let slidt stand, alle spejle er der.<\/p>\n\n\n\n<p>&nbsp;<\/p>\n\n\n\n<figure class=\"wp-block-gallery has-nested-images columns-default is-cropped wp-block-gallery-6 is-layout-flex wp-block-gallery-is-layout-flex\">\n<figure class=\"wp-block-image size-large\"><a href=\"https:\/\/broderi-speciale.dk\/wp-content\/uploads\/2013\/09\/ude_20_hngestykke-1.jpg\"><img loading=\"lazy\" decoding=\"async\" width=\"500\" height=\"475\" data-id=\"2406\" src=\"https:\/\/broderi-speciale.dk\/wp-content\/uploads\/2013\/09\/ude_20_hngestykke-1.jpg\" alt=\"ude_20_hngestykke\" class=\"wp-image-2406\" srcset=\"https:\/\/broderi-speciale.dk\/wp-content\/uploads\/2013\/09\/ude_20_hngestykke-1.jpg 500w, https:\/\/broderi-speciale.dk\/wp-content\/uploads\/2013\/09\/ude_20_hngestykke-1-300x285.jpg 300w\" sizes=\"auto, (max-width: 500px) 100vw, 500px\" \/><\/a><\/figure>\n<\/figure>\n\n\n\n<p><\/p>\n\n\n\n<p><strong>Broderet stykke<br><br><\/strong>Pris: 20,-<br> Nr: 20<br> St\u00f8rrelse: Ca. 21 cm x 28 cm.<br> Teknik: Tungesting, guldbroderi, fladsyning, pailletter.<br> Farve: Flerfarvet.<br> Materialer: Bomuld, guld.<br> Stand: Let slidt stand.\u00a0<\/p>\n\n\n\n<figure class=\"wp-block-gallery has-nested-images columns-default is-cropped wp-block-gallery-7 is-layout-flex wp-block-gallery-is-layout-flex\">\n<figure class=\"wp-block-image size-large\"><a href=\"https:\/\/broderi-speciale.dk\/wp-content\/uploads\/2013\/09\/ude_22_bayeaux-1.jpg\"><img loading=\"lazy\" decoding=\"async\" width=\"500\" height=\"273\" data-id=\"2408\" src=\"https:\/\/broderi-speciale.dk\/wp-content\/uploads\/2013\/09\/ude_22_bayeaux-1.jpg\" alt=\"ude_22_bayeaux\" class=\"wp-image-2408\" srcset=\"https:\/\/broderi-speciale.dk\/wp-content\/uploads\/2013\/09\/ude_22_bayeaux-1.jpg 500w, https:\/\/broderi-speciale.dk\/wp-content\/uploads\/2013\/09\/ude_22_bayeaux-1-300x164.jpg 300w\" sizes=\"auto, (max-width: 500px) 100vw, 500px\" \/><\/a><\/figure>\n<\/figure>\n\n\n\n<p><\/p>\n\n\n\n<p><strong>Broderet stykke<\/strong><\/p>\n\n\n\n<p>Pris: 40,-<br>\nNr: 22<br>\nSt\u00f8rrelse: Ca. 42 cm x 28 cm.<br>\nTeknik: Fladsyning ensidet, heksesting, splitsting,<\/p>\n\n\n\n<p>bundudfyldning.<br> Farve: Flerfarvet.<br> Materialer: Bomuld, silke.<br> Stand: Let slidt stand.\u00a0<\/p>\n\n\n\n<p>&nbsp;<\/p>\n\n\n\n<figure class=\"wp-block-gallery has-nested-images columns-default is-cropped wp-block-gallery-8 is-layout-flex wp-block-gallery-is-layout-flex\">\n<figure class=\"wp-block-image size-large\"><a href=\"https:\/\/broderi-speciale.dk\/wp-content\/uploads\/2013\/09\/ude_22_filt-1.jpg\"><img loading=\"lazy\" decoding=\"async\" width=\"500\" height=\"355\" data-id=\"2409\" src=\"https:\/\/broderi-speciale.dk\/wp-content\/uploads\/2013\/09\/ude_22_filt-1.jpg\" alt=\"ude_22_filt\" class=\"wp-image-2409\" srcset=\"https:\/\/broderi-speciale.dk\/wp-content\/uploads\/2013\/09\/ude_22_filt-1.jpg 500w, https:\/\/broderi-speciale.dk\/wp-content\/uploads\/2013\/09\/ude_22_filt-1-300x213.jpg 300w\" sizes=\"auto, (max-width: 500px) 100vw, 500px\" \/><\/a><\/figure>\n<\/figure>\n\n\n\n<p><\/p>\n\n\n\n<p><strong>Glasskjuler i filt<br><br><\/strong>Pris:\u00a010 kr. for alle\u00a04 stk.<br> Nr: 23<br> St\u00f8rrelse: 11 cm diameter.<br> Teknik: Maskinfiltapplikation.<br> Farve: R\u00f8d &#8211; sort &#8211; hvid.<br> Materialer: Filt.<br> Stand: Fin stand.\u00a0<\/p>\n\n\n\n<p>&nbsp;<\/p>\n\n\n\n<figure class=\"wp-block-gallery has-nested-images columns-default is-cropped wp-block-gallery-9 is-layout-flex wp-block-gallery-is-layout-flex\">\n<figure class=\"wp-block-image size-large\"><a href=\"https:\/\/broderi-speciale.dk\/wp-content\/uploads\/2013\/09\/ude_24_filt-1.jpg\"><img loading=\"lazy\" decoding=\"async\" width=\"500\" height=\"325\" data-id=\"2411\" src=\"https:\/\/broderi-speciale.dk\/wp-content\/uploads\/2013\/09\/ude_24_filt-1.jpg\" alt=\"ude_24_filt\" class=\"wp-image-2411\" srcset=\"https:\/\/broderi-speciale.dk\/wp-content\/uploads\/2013\/09\/ude_24_filt-1.jpg 500w, https:\/\/broderi-speciale.dk\/wp-content\/uploads\/2013\/09\/ude_24_filt-1-300x195.jpg 300w\" sizes=\"auto, (max-width: 500px) 100vw, 500px\" \/><\/a><\/figure>\n<\/figure>\n\n\n\n<p><\/p>\n\n\n\n<p><strong>Rund serviet i filt<br><br><\/strong>Pris: 15,-<br> Nr: 24<br> St\u00f8rrelse:\u00a026 cm diameter.<br> Teknik: Maskinfilt applikation.<br> Farve: R\u00f8d &#8211; sort &#8211; hvid.<br> Materialer: Filt.<br> Stand: Fin stand.<\/p>\n\n\n\n<p>&nbsp;<\/p>\n\n\n\n<figure class=\"wp-block-gallery has-nested-images columns-default is-cropped wp-block-gallery-10 is-layout-flex wp-block-gallery-is-layout-flex\">\n<figure class=\"wp-block-image size-large\"><a href=\"https:\/\/broderi-speciale.dk\/wp-content\/uploads\/2013\/09\/ude_25__filt-1.jpg\"><img loading=\"lazy\" decoding=\"async\" width=\"463\" height=\"1024\" data-id=\"2412\" src=\"https:\/\/broderi-speciale.dk\/wp-content\/uploads\/2013\/09\/ude_25__filt-1-463x1024.jpg\" alt=\"ude_25__filt\" class=\"wp-image-2412\" srcset=\"https:\/\/broderi-speciale.dk\/wp-content\/uploads\/2013\/09\/ude_25__filt-1-463x1024.jpg 463w, https:\/\/broderi-speciale.dk\/wp-content\/uploads\/2013\/09\/ude_25__filt-1-136x300.jpg 136w, https:\/\/broderi-speciale.dk\/wp-content\/uploads\/2013\/09\/ude_25__filt-1.jpg 500w\" sizes=\"auto, (max-width: 463px) 100vw, 463px\" \/><\/a><\/figure>\n<\/figure>\n\n\n\n<p><\/p>\n\n\n\n<p><strong>L\u00f8ber i filt<br><br><\/strong>Pris: 30,-<br> Nr: 25<br> St\u00f8rrelse: Ca. 27 cm x 70 cm.<br> Teknik: Maskinfilt applikation.<br> Farve: R\u00f8d &#8211; sort &#8211; hvid.<br> Materialer: Filt.<br> Stand: Fin stand.<\/p>\n\n\n\n<p>&nbsp;<\/p>\n\n\n\n<p>&nbsp;<\/p>\n\n\n\n<figure class=\"wp-block-image\"><a href=\"https:\/\/broderi-speciale.dk\/wp-content\/uploads\/2013\/09\/ude_28_detalje_cuba_rafia-1.jpg\"><img loading=\"lazy\" decoding=\"async\" width=\"200\" height=\"164\" src=\"https:\/\/broderi-speciale.dk\/wp-content\/uploads\/2013\/09\/ude_28_detalje_cuba_rafia-1.jpg\" alt=\"ude_28_detalje_cuba_rafia\" class=\"wp-image-2416\"\/><\/a><\/figure>\n\n\n\n<p><\/p>\n\n\n\n<p><strong>Cuba Raphia broderi<br><br><\/strong>Pris: 330,-<br> Nr: 28<br> St\u00f8rrelse: Ca. 50 cm x 32 cm.<br> Teknik: Afrikansk broderi\u00a0med cuba raphia palmefibre.<br> Farve: Naturfarver.<br> Materialer: Cuba Raphia.<br> Stand: Fin stand.<\/p>\n\n\n\n<p>&nbsp;<\/p>\n\n\n\n<figure class=\"wp-block-gallery has-nested-images columns-default is-cropped wp-block-gallery-11 is-layout-flex wp-block-gallery-is-layout-flex\">\n<figure class=\"wp-block-image size-large\"><a href=\"https:\/\/broderi-speciale.dk\/wp-content\/uploads\/2013\/09\/udenlandsk_broderi_xx_01_firkant-1.jpg\"><img loading=\"lazy\" decoding=\"async\" width=\"500\" height=\"368\" data-id=\"2417\" src=\"https:\/\/broderi-speciale.dk\/wp-content\/uploads\/2013\/09\/udenlandsk_broderi_xx_01_firkant-1.jpg\" alt=\"udenlandsk_broderi_xx_01_firkant\" class=\"wp-image-2417\" srcset=\"https:\/\/broderi-speciale.dk\/wp-content\/uploads\/2013\/09\/udenlandsk_broderi_xx_01_firkant-1.jpg 500w, https:\/\/broderi-speciale.dk\/wp-content\/uploads\/2013\/09\/udenlandsk_broderi_xx_01_firkant-1-300x221.jpg 300w\" sizes=\"auto, (max-width: 500px) 100vw, 500px\" \/><\/a><\/figure>\n<\/figure>\n\n\n\n<p><\/p>\n\n\n\n<p><strong>Broderet stykke<br>\n<\/strong>Pris: 135,-<br>\nNr: 29<br>\nSt\u00f8rrelse: Ca.&nbsp;42 cm x&nbsp;45 cm.<br>\nTeknik:&nbsp;Stigesting, fladsyning.<br>\nFarve: Flere farver<br>\nMaterialer: Bomuld.<br>\nStand: P\u00e6n stand &#8211; et lille hul i det yderste r\u00f8de stof.<\/p>\n\n\n\n<p>&nbsp;<\/p>\n","protected":false},"excerpt":{"rendered":"<p>Serviet Pris: 55,- Nr: 02 St\u00f8rrelse: Ca. 20 cm i diameter. Teknik: Fladsyning. Farve: Flerfarvet. Materialer: Silke. Stand: P\u00e6n stand.\u00a0 &nbsp; Serviet Pris: 25,- Nr: 03 St\u00f8rrelse: Ca. 21 x 21,5 cm. Teknik: Fladsyning over papir. Farve: Sort p\u00e5 bl\u00e5t &hellip; <a href=\"https:\/\/broderi-speciale.dk\/index.php\/gamle-og-nye-tekstiler-udenlandsk-broderi\/\">L\u00e6s resten <span class=\"meta-nav\">&rarr;<\/span><\/a><\/p>\n","protected":false},"author":2,"featured_media":0,"parent":0,"menu_order":0,"comment_status":"closed","ping_status":"closed","template":"","meta":{"footnotes":""},"class_list":["post-1808","page","type-page","status-publish","hentry"],"_links":{"self":[{"href":"https:\/\/broderi-speciale.dk\/index.php\/wp-json\/wp\/v2\/pages\/1808","targetHints":{"allow":["GET"]}}],"collection":[{"href":"https:\/\/broderi-speciale.dk\/index.php\/wp-json\/wp\/v2\/pages"}],"about":[{"href":"https:\/\/broderi-speciale.dk\/index.php\/wp-json\/wp\/v2\/types\/page"}],"author":[{"embeddable":true,"href":"https:\/\/broderi-speciale.dk\/index.php\/wp-json\/wp\/v2\/users\/2"}],"replies":[{"embeddable":true,"href":"https:\/\/broderi-speciale.dk\/index.php\/wp-json\/wp\/v2\/comments?post=1808"}],"version-history":[{"count":1,"href":"https:\/\/broderi-speciale.dk\/index.php\/wp-json\/wp\/v2\/pages\/1808\/revisions"}],"predecessor-version":[{"id":2889,"href":"https:\/\/broderi-speciale.dk\/index.php\/wp-json\/wp\/v2\/pages\/1808\/revisions\/2889"}],"wp:attachment":[{"href":"https:\/\/broderi-speciale.dk\/index.php\/wp-json\/wp\/v2\/media?parent=1808"}],"curies":[{"name":"wp","href":"https:\/\/api.w.org\/{rel}","templated":true}]}}