{"id":1822,"date":"2013-11-05T09:30:24","date_gmt":"2013-11-05T09:30:24","guid":{"rendered":"http:\/\/broderi-speciale.dk\/wordpress\/?page_id=1822"},"modified":"2026-03-08T09:18:41","modified_gmt":"2026-03-08T09:18:41","slug":"gamle-og-nye-tekstiler-schweitzerklude-gamle-proveboger","status":"publish","type":"page","link":"https:\/\/broderi-speciale.dk\/index.php\/gamle-og-nye-tekstiler-schweitzerklude-gamle-proveboger\/","title":{"rendered":"Gamle og nye tekstiler &#8211; Schweitzerklude &#8211; Gamle pr\u00f8veb\u00f8ger"},"content":{"rendered":"\n<figure class=\"wp-block-gallery has-nested-images columns-default is-cropped wp-block-gallery-1 is-layout-flex wp-block-gallery-is-layout-flex\">\n<figure class=\"wp-block-image size-large\"><a href=\"https:\/\/broderi-speciale.dk\/wp-content\/uploads\/2013\/09\/div_01_schweitzerklud-1.jpg\"><img loading=\"lazy\" decoding=\"async\" width=\"414\" height=\"1024\" data-id=\"2318\" src=\"https:\/\/broderi-speciale.dk\/wp-content\/uploads\/2013\/09\/div_01_schweitzerklud-1-414x1024.jpg\" alt=\"div_01_schweitzerklud\" class=\"wp-image-2318\" srcset=\"https:\/\/broderi-speciale.dk\/wp-content\/uploads\/2013\/09\/div_01_schweitzerklud-1-414x1024.jpg 414w, https:\/\/broderi-speciale.dk\/wp-content\/uploads\/2013\/09\/div_01_schweitzerklud-1-121x300.jpg 121w, https:\/\/broderi-speciale.dk\/wp-content\/uploads\/2013\/09\/div_01_schweitzerklud-1.jpg 500w\" sizes=\"auto, (max-width: 414px) 100vw, 414px\" \/><\/a><\/figure>\n<\/figure>\n\n\n\n<p><\/p>\n\n\n\n<p><strong>Schweitzerklud<\/strong><\/p>\n\n\n\n<p>Pris: 185,-<br>\nNr: 03<br>\nSt\u00f8rrelse: 75 cm lang &#8211; 16 cm bred.<br>\nTeknik: Forskellige teknikker.<br>\nFarve: Bl\u00e5 &#8211; r\u00f8d p\u00e5 hvid.<br>\nMaterialer: Bomuld.<br>\nStand: P\u00e6n stand.<\/p>\n\n\n\n<p><\/p>\n","protected":false},"excerpt":{"rendered":"<p>Schweitzerklud Pris: 185,- Nr: 03 St\u00f8rrelse: 75 cm lang &#8211; 16 cm bred. Teknik: Forskellige teknikker. Farve: Bl\u00e5 &#8211; r\u00f8d p\u00e5 hvid. Materialer: Bomuld. Stand: P\u00e6n stand.<\/p>\n","protected":false},"author":2,"featured_media":0,"parent":0,"menu_order":0,"comment_status":"closed","ping_status":"closed","template":"","meta":{"footnotes":""},"class_list":["post-1822","page","type-page","status-publish","hentry"],"_links":{"self":[{"href":"https:\/\/broderi-speciale.dk\/index.php\/wp-json\/wp\/v2\/pages\/1822","targetHints":{"allow":["GET"]}}],"collection":[{"href":"https:\/\/broderi-speciale.dk\/index.php\/wp-json\/wp\/v2\/pages"}],"about":[{"href":"https:\/\/broderi-speciale.dk\/index.php\/wp-json\/wp\/v2\/types\/page"}],"author":[{"embeddable":true,"href":"https:\/\/broderi-speciale.dk\/index.php\/wp-json\/wp\/v2\/users\/2"}],"replies":[{"embeddable":true,"href":"https:\/\/broderi-speciale.dk\/index.php\/wp-json\/wp\/v2\/comments?post=1822"}],"version-history":[{"count":7,"href":"https:\/\/broderi-speciale.dk\/index.php\/wp-json\/wp\/v2\/pages\/1822\/revisions"}],"predecessor-version":[{"id":2935,"href":"https:\/\/broderi-speciale.dk\/index.php\/wp-json\/wp\/v2\/pages\/1822\/revisions\/2935"}],"wp:attachment":[{"href":"https:\/\/broderi-speciale.dk\/index.php\/wp-json\/wp\/v2\/media?parent=1822"}],"curies":[{"name":"wp","href":"https:\/\/api.w.org\/{rel}","templated":true}]}}