{"id":23,"date":"2013-08-09T09:16:19","date_gmt":"2013-08-09T09:16:19","guid":{"rendered":"http:\/\/broderi-speciale.dk\/wordpress\/?page_id=23"},"modified":"2024-10-08T14:08:29","modified_gmt":"2024-10-08T14:08:29","slug":"dabskjoler","status":"publish","type":"page","link":"https:\/\/broderi-speciale.dk\/index.php\/dabskjoler\/","title":{"rendered":"D\u00e5bskjoler"},"content":{"rendered":"\n<p><strong>Jeg kan tilbyde at h\u00e5ndbrodere navne, initialer m.m.&nbsp;p\u00e5 d\u00e5bskjoler<em>.<\/em><\/strong><\/p>\n\n\n\n<p>&nbsp;<\/p>\n\n\n\n<p>For det&nbsp;meste broderer jeg&nbsp;franske broderi, der er en oph\u00f8jet fladsyningsteknik, der er rigtig fin og giver en flot reliefvirkning, men det&nbsp;er op til dig at bestemme.<\/p>\n\n\n\n<p>N\u00e5r man skal brodere p\u00e5 en d\u00e5bskjole er det vigtigt at v\u00e6lge den rigtige skrifttype, st\u00f8rrelse og teknik i forhold til emnet, eller hvad der tidligere er broderet.<\/p>\n\n\n\n<p>&nbsp;<\/p>\n\n\n\n<p>Hvis du er interesseret i at jeg skal brodere navnene, s\u00e5 kontakt mig, s\u00e5 f\u00e5r vi en snak om materialer, st\u00f8rrelse, stand, pris m.m.<\/p>\n\n\n\n<p>&nbsp;<\/p>\n\n\n\n<p>Se kontakt info i menuen til h\u00f8jre.<\/p>\n\n\n\n<p>&nbsp;<\/p>\n\n\n\n<p><strong>Jeg kan yderligere tilbyde at sy og brodere en d\u00e5bskjole efter eget valg.<\/strong><\/p>\n\n\n\n<p>&nbsp;<\/p>\n\n\n\n<p>Som traditionen byder er det rigtig mange der s\u00f8rger for at f\u00e5 broderet navn p\u00e5 d\u00e5bskjolen, der er flere muligheder.<\/p>\n\n\n\n<p>&nbsp;<\/p>\n\n\n\n<p>Forbogstaver og \u00e5rstal<br>\nFornavn &#8211; og \u00e5rstal<br>\nFornavn &#8211; dato &#8211; \u00e5rstal<br>\nAlle navne &#8211; dato og \u00e5rstal<\/p>\n\n\n\n<p>&nbsp;<\/p>\n\n\n\n<p>Der er nogle familietraditioner der placerer pigenavnene i den ene side og drengenavnene i den anden side.<\/p>\n\n\n\n<p>&nbsp;<\/p>\n\n\n\n<p>Det er ogs\u00e5 vigtigt hvor p\u00e5 kjolen navnet skal placeres, er der plads kan det v\u00e6re ud for moderen eller faderen, eller andre s\u00f8skende.<br>\nEllers er det bare om at arbejde nedefra og opefter, som er det mest almindelige.<br>\nDe fleste navne bliver broderet hvidt p\u00e5 hvidt, og derved bliver kjolen utrolig smuk.<\/p>\n\n\n\n<p>&nbsp;<\/p>\n\n\n\n<p>Man m\u00e5 aldrig &#8211; aldrig f\u00e5 d\u00e5bsnavnet broderet p\u00e5 en broderisymaskine, jeg har set uhyggelige resultater, med huller i stoffet p\u00e5 \u00e6ldre d\u00e5bskjoler, og s\u00e5 har det v\u00e6ret op til mig at&nbsp;redde det.<\/p>\n\n\n\n<p>&nbsp;<\/p>\n\n\n\n<p><strong>D\u00e5bskjole fra 1980<\/strong><\/p>\n\n\n\n<figure class=\"wp-block-gallery has-nested-images columns-default is-cropped wp-block-gallery-1 is-layout-flex wp-block-gallery-is-layout-flex\">\n<figure class=\"wp-block-image size-large\"><a href=\"https:\/\/broderi-speciale.dk\/wp-content\/uploads\/2013\/08\/dbskjole_design-1.jpg\"><img loading=\"lazy\" decoding=\"async\" width=\"300\" height=\"434\" data-id=\"2492\" src=\"https:\/\/broderi-speciale.dk\/wp-content\/uploads\/2013\/08\/dbskjole_design-1.jpg\" alt=\"dbskjole_design\" class=\"wp-image-2492\" srcset=\"https:\/\/broderi-speciale.dk\/wp-content\/uploads\/2013\/08\/dbskjole_design-1.jpg 300w, https:\/\/broderi-speciale.dk\/wp-content\/uploads\/2013\/08\/dbskjole_design-1-207x300.jpg 207w\" sizes=\"auto, (max-width: 300px) 100vw, 300px\" \/><\/a><\/figure>\n<\/figure>\n\n\n\n<p><\/p>\n\n\n\n<p>&nbsp;<\/p>\n\n\n\n<p>D\u00e5bskjolen blev syet i 1980, som en for\u00e6ring til den kirke min s\u00f8n blev d\u00f8bt i.<\/p>\n\n\n\n<p>Kjolen var i fin hvid, tynd&nbsp;batist og med et forstykke der var overbroderet med kors i skyggesyning.<br>\nMotivet var Andreas kors &#8211; et kors der ligger ned og som svarer til et X.<br>\nMin s\u00f8n blev d\u00f8bt Andreas, s\u00e5 det var oplagt at&nbsp;denne inspiration skulle&nbsp;med.<br>\nKorsene blev f\u00e6rrer og f\u00e6rrer opefter og skyggesyningen giver en meget fin virkning med tr\u00e5dene alene.<\/p>\n\n\n\n<p>&nbsp;<\/p>\n\n\n\n<p>Det er s\u00e5dan at jeg har syet flere d\u00e5bskjoler i tidernes l\u00f8b, men har ikke v\u00e6ret god til at tage billeder af de forskellige kjoler.<br>\nBroderier hvidt p\u00e5 hvidt kan&nbsp;v\u00e6re sv\u00e6re at fotografere, da de nemt flyder ud&nbsp;p\u00e5 fotografiet.<\/p>\n\n\n\n<p>&nbsp;<\/p>\n\n\n\n<p><strong>Lidt d\u00e5bshistorie<br>\n<\/strong>D\u00e5bskjolen kunne\/ kan omsys af en&nbsp;brudekjole eller&nbsp;konfirmationskjole.<br>\nP\u00e5 den m\u00e5de kan man f\u00e5 en familietradition med en kjole, man har et s\u00e6rligt forhold til.<\/p>\n\n\n\n<p>&nbsp;<\/p>\n\n\n\n<p>En guld- eller s\u00f8lvm\u00f8nt syet ind i d\u00e5bskjolen kan fungere som lykkem\u00f8nt, og der er stadig nogle der holder denne tradition i&nbsp;h\u00e6vd, med en lille indsyet pose i d\u00e5bskjolens underkjole.<\/p>\n\n\n\n<p>&nbsp;<\/p>\n\n\n\n<p>S\u00e5 er der traditionen, med at barnet skal sove i d\u00e5bskjolen p\u00e5 d\u00e5bsdagen.<\/p>\n\n\n\n<p>&nbsp;<\/p>\n\n\n\n<p>Normalt broderes d\u00e5bsnavnet,&nbsp;efter at barnet er bleven d\u00f8bt i kjolen.<\/p>\n\n\n\n<p>&nbsp;<\/p>\n\n\n\n<p>En god id\u00e9 er at skrive i en lille bog.<br>\nSkriv&nbsp;navn, dato, kirke m.m. det er en en s\u00f8d id\u00e9&nbsp;at lade den f\u00f8lge d\u00e5bskjolen, og fint&nbsp;for de n\u00e6ste generatoiner.<\/p>\n","protected":false},"excerpt":{"rendered":"<p>Jeg kan tilbyde at h\u00e5ndbrodere navne, initialer m.m.&nbsp;p\u00e5 d\u00e5bskjoler. &nbsp; For det&nbsp;meste broderer jeg&nbsp;franske broderi, der er en oph\u00f8jet fladsyningsteknik, der er rigtig fin og giver en flot reliefvirkning, men det&nbsp;er op til dig at bestemme. N\u00e5r man skal brodere &hellip; <a href=\"https:\/\/broderi-speciale.dk\/index.php\/dabskjoler\/\">L\u00e6s resten <span class=\"meta-nav\">&rarr;<\/span><\/a><\/p>\n","protected":false},"author":2,"featured_media":0,"parent":0,"menu_order":0,"comment_status":"closed","ping_status":"closed","template":"","meta":{"footnotes":""},"class_list":["post-23","page","type-page","status-publish","hentry"],"_links":{"self":[{"href":"https:\/\/broderi-speciale.dk\/index.php\/wp-json\/wp\/v2\/pages\/23","targetHints":{"allow":["GET"]}}],"collection":[{"href":"https:\/\/broderi-speciale.dk\/index.php\/wp-json\/wp\/v2\/pages"}],"about":[{"href":"https:\/\/broderi-speciale.dk\/index.php\/wp-json\/wp\/v2\/types\/page"}],"author":[{"embeddable":true,"href":"https:\/\/broderi-speciale.dk\/index.php\/wp-json\/wp\/v2\/users\/2"}],"replies":[{"embeddable":true,"href":"https:\/\/broderi-speciale.dk\/index.php\/wp-json\/wp\/v2\/comments?post=23"}],"version-history":[{"count":1,"href":"https:\/\/broderi-speciale.dk\/index.php\/wp-json\/wp\/v2\/pages\/23\/revisions"}],"predecessor-version":[{"id":2848,"href":"https:\/\/broderi-speciale.dk\/index.php\/wp-json\/wp\/v2\/pages\/23\/revisions\/2848"}],"wp:attachment":[{"href":"https:\/\/broderi-speciale.dk\/index.php\/wp-json\/wp\/v2\/media?parent=23"}],"curies":[{"name":"wp","href":"https:\/\/api.w.org\/{rel}","templated":true}]}}