{"id":2820,"date":"2013-08-09T09:11:34","date_gmt":"2013-08-09T09:11:34","guid":{"rendered":"http:\/\/broderi-speciale.dk\/wordpress\/?page_id=9"},"modified":"2013-08-09T09:11:34","modified_gmt":"2013-08-09T09:11:34","slug":"gode-rad","status":"publish","type":"page","link":"https:\/\/broderi-speciale.dk\/index.php\/gode-rad\/","title":{"rendered":"Gode r\u00e5d"},"content":{"rendered":"<div><strong>Gode r\u00e5d ang. vask og opbevaring<\/strong><\/div>\n<div><\/div>\n<p>&nbsp;<\/p>\n<div><\/div>\n<div><strong>Gode r\u00e5d ang. vask og opbevaring af gamle broderede tekstiler<\/strong><br \/>\nDet er ikke altid tilr\u00e5deligt at vaske gamle tekstiler, det afh\u00e6nger af stand, materiale og om de\u00a0kan t\u00e5le det. Vask af \u00e6ldre tekstiler m\u00e5 aldrig finde sted i en vaskemaskine, ej heller med almindelige vaskemidler, da de f\u00e5r stoffet til at m\u00f8rne. For at opn\u00e5 den mest sk\u00e5nsomme vask anbefales det, at der bruges s\u00e6besp\u00e5ner uden tils\u00e6tningsstoffer af optisk hvidt, parfume el. lign. S\u00e6besp\u00e5ner er mest effektive i bl\u00f8dgjort vand. De hvide tekstiler kan ibl\u00f8ds\u00e6ttes i lunkent bl\u00f8dgjort vand nogle timer f\u00f8r vasken p\u00e5begyndes i h\u00e5nden. Da et v\u00e5dt tekstil er v\u00e6sentlig tungere og fibrene svagere end i t\u00f8r tilstand, m\u00e5 der tages h\u00f8jde for en god underst\u00f8tning under vaskeprocessen. Hvis tekstilet kan t\u00e5le det, kan man koge det i vaske-vandet ved 70-80 grader i ca. 8-12 minutter. Derefter skylles i 3-4 hold lunkent bl\u00f8dgjort vand. Tekstilet tr\u00e6kkes forsigtigt op af vandet ved hj\u00e6lp af\u00a0et st\u00f8ttestof, og vandet trykkes ud, dog uden at vride det. Det bredes derefter ud p\u00e5 et ikke afsmittende sugende underlag og stryges, mens det stadig er let fugtigt. Det er altid en god id\u00e9 at stryge p\u00e5 et bl\u00f8dt underlag og have et strygestykke over emnet.<br \/>\nVask\u00a0<em>aldrig<\/em>\u00a0gammle tekstiler af silke, da de simpelhen ikke kan t\u00e5le vand.<\/div>\n<div><\/div>\n<p>&nbsp;<\/p>\n<div><\/div>\n<div><strong>Opbevaring<\/strong><br \/>\nTekstiler m\u00e5 aldrig opbevares i en plastikpose, da fibrene derved nedbrydes alt for hurtigt. Det er vigtigt, at tekstilet l\u00e6gges s\u00e5ledes, at der placeres sammenfoldet syrefrit silkepapir imellem folderne. Til slut pakkes emnet ind i syrefrit silkepapir. Det hele placeres i en pap \u00e6ske og opbevares bedst, hvor temperaturen er konstant, og ikke under 16-17 grader.<\/div>\n<div><\/div>\n<p>&nbsp;<\/p>\n<div>\n<p><strong>Vask<\/strong><br \/>\nEt\u00a0gammelt r\u00e5d ved vask af hvide broderier, der er bleven gullige af tidens tand, er\u00a0f\u00f8lgende:<br \/>\nL\u00e6g broderiet i rigelig s\u00f8dm\u00e6lk i 24 timer. Skyl det og l\u00e6g det i en gryde\u00a0med vand og s\u00e6be, og lad det varme op til kogepunktet. Derefter skylles broderiet i rigeligt vand.\u00a0Broderiet l\u00e6gges til t\u00f8rre, og\u00a0stryges mens det stadig er fugtigt.<br \/>\nBroderiet\u00a0vil for det meste blive hvidt igen.<\/p>\n<\/div>\n<div><\/div>\n","protected":false},"excerpt":{"rendered":"<p>Gode r\u00e5d ang. vask og opbevaring &nbsp; Gode r\u00e5d ang. vask og opbevaring af gamle broderede tekstiler Det er ikke altid tilr\u00e5deligt at vaske gamle tekstiler, det afh\u00e6nger af stand, materiale og om de\u00a0kan t\u00e5le det. Vask af \u00e6ldre tekstiler &hellip; <a href=\"https:\/\/broderi-speciale.dk\/index.php\/gode-rad\/\">L\u00e6s resten <span class=\"meta-nav\">&rarr;<\/span><\/a><\/p>\n","protected":false},"author":2,"featured_media":0,"parent":0,"menu_order":0,"comment_status":"closed","ping_status":"closed","template":"","meta":{"footnotes":""},"class_list":["post-2820","page","type-page","status-publish","hentry"],"_links":{"self":[{"href":"https:\/\/broderi-speciale.dk\/index.php\/wp-json\/wp\/v2\/pages\/2820","targetHints":{"allow":["GET"]}}],"collection":[{"href":"https:\/\/broderi-speciale.dk\/index.php\/wp-json\/wp\/v2\/pages"}],"about":[{"href":"https:\/\/broderi-speciale.dk\/index.php\/wp-json\/wp\/v2\/types\/page"}],"author":[{"embeddable":true,"href":"https:\/\/broderi-speciale.dk\/index.php\/wp-json\/wp\/v2\/users\/2"}],"replies":[{"embeddable":true,"href":"https:\/\/broderi-speciale.dk\/index.php\/wp-json\/wp\/v2\/comments?post=2820"}],"version-history":[{"count":0,"href":"https:\/\/broderi-speciale.dk\/index.php\/wp-json\/wp\/v2\/pages\/2820\/revisions"}],"wp:attachment":[{"href":"https:\/\/broderi-speciale.dk\/index.php\/wp-json\/wp\/v2\/media?parent=2820"}],"curies":[{"name":"wp","href":"https:\/\/api.w.org\/{rel}","templated":true}]}}