{"id":830,"date":"2013-09-05T19:40:22","date_gmt":"2013-09-05T19:40:22","guid":{"rendered":"http:\/\/broderi-speciale.dk\/wordpress\/?page_id=830"},"modified":"2013-09-05T19:40:22","modified_gmt":"2013-09-05T19:40:22","slug":"boger-hvidt-broderi-1","status":"publish","type":"page","link":"https:\/\/broderi-speciale.dk\/index.php\/boger-hvidt-broderi-1\/","title":{"rendered":"B\u00f8ger &#8211; Hvidt broderi 1"},"content":{"rendered":"<p>&nbsp;<\/p>\n<p><a href=\"https:\/\/broderi-speciale.dk\/wp-content\/uploads\/2013\/09\/irische_spitse_xx_ok_xx-1.jpg\"><img loading=\"lazy\" decoding=\"async\" class=\"alignnone size-full wp-image-641\" src=\"https:\/\/broderi-speciale.dk\/wp-content\/uploads\/2013\/09\/irische_spitse_xx_ok_xx-1.jpg\" alt=\"irische_spitse_xx_ok_xx\" width=\"200\" height=\"138\" \/><\/a><\/p>\n<p><b>Irische spitzen<\/b><\/p>\n<p><i>Bibliotek D.M.C.<\/i><\/p>\n<p>Pris 150,-<\/p>\n<p>52 sider \u2013\u00a0ca. A4 \u2013 tysk.<\/p>\n<p>Meget fine Irske\u00a0h\u00e6klede kniplingsm\u00f8nstre.<\/p>\n<p>Fine fotos af arbejdsgange, og 7 store<\/p>\n<p>stof m\u00f8nsterplancher bagerst i h\u00e6ftet,<\/p>\n<p>lige til at benytte.<\/p>\n<p>Sort\/hvide\u00a0fotos.<\/p>\n<p>Let brugt\u00a0eksemplar.<\/p>\n<p>&nbsp;<\/p>\n<p>&nbsp;<\/p>\n<p>&nbsp;<\/p>\n<p><a href=\"https:\/\/broderi-speciale.dk\/wp-content\/uploads\/2013\/09\/fransk_sammentrk_8_-_2_stk_xx-1.jpg\"><img loading=\"lazy\" decoding=\"async\" class=\"alignnone size-full wp-image-526\" src=\"https:\/\/broderi-speciale.dk\/wp-content\/uploads\/2013\/09\/fransk_sammentrk_8_-_2_stk_xx-1.jpg\" alt=\"fransk_sammentrk_8_-_2_stk_xx\" width=\"200\" height=\"291\" \/><\/a><\/p>\n<p><b>Ricami diversi<\/b><\/p>\n<p><i>DMC<\/i><\/p>\n<p>Pris 6,-<\/p>\n<p>19 sider \u2013\u00a0A5 \u2013 fransk.<\/p>\n<p>I fotos og stingtegninger vises forkelllige<\/p>\n<p>sammentr\u00e6ks- og t\u00e6llesyningsborter.<\/p>\n<p>Ingen tekst.<\/p>\n<p>Farvefotos og sort\/hvide stingtegninger.<\/p>\n<p>Let slidt eksemplar.<\/p>\n<p>&nbsp;<\/p>\n<p>&nbsp;<\/p>\n<p>&nbsp;<\/p>\n<p>&nbsp;<\/p>\n<p><img loading=\"lazy\" decoding=\"async\" class=\"alignnone size-medium wp-image-1634\" src=\"http:\/\/broderi-speciale.dk\/wordpress\/wp-content\/uploads\/2013\/09\/Hardanger-embroiderys-300x226.jpg\" alt=\"Hardanger embroiderys\" width=\"300\" height=\"226\" \/><\/p>\n<p>&nbsp;<\/p>\n<p><b>Hardanger Embroideries &#8211; Hardanger Arbeiten &#8211; Broderies Norvegienes<\/b><\/p>\n<p><i>DMC\u00a0<\/i><\/p>\n<p>Pris 50,-<\/p>\n<p>25 sider \u2013 A 4 \u2013 engelsk<\/p>\n<p>nyere h\u00e6fte med hardangerbroderi med foto m\u00f8nstre.<\/p>\n<p>Sort\/hvide\u00a0fotos.<\/p>\n<p>Let brugte eksemplarer.<\/p>\n<p>&nbsp;<\/p>\n<p>&nbsp;<\/p>\n<p>&nbsp;<\/p>\n<p>&nbsp;<\/p>\n","protected":false},"excerpt":{"rendered":"<p>&nbsp; Irische spitzen Bibliotek D.M.C. Pris 150,- 52 sider \u2013\u00a0ca. A4 \u2013 tysk. Meget fine Irske\u00a0h\u00e6klede kniplingsm\u00f8nstre. Fine fotos af arbejdsgange, og 7 store stof m\u00f8nsterplancher bagerst i h\u00e6ftet, lige til at benytte. Sort\/hvide\u00a0fotos. Let brugt\u00a0eksemplar. &nbsp; &nbsp; &nbsp; Ricami &hellip; <a href=\"https:\/\/broderi-speciale.dk\/index.php\/boger-hvidt-broderi-1\/\">L\u00e6s resten <span class=\"meta-nav\">&rarr;<\/span><\/a><\/p>\n","protected":false},"author":2,"featured_media":0,"parent":0,"menu_order":0,"comment_status":"closed","ping_status":"closed","template":"","meta":{"footnotes":""},"class_list":["post-830","page","type-page","status-publish","hentry"],"_links":{"self":[{"href":"https:\/\/broderi-speciale.dk\/index.php\/wp-json\/wp\/v2\/pages\/830","targetHints":{"allow":["GET"]}}],"collection":[{"href":"https:\/\/broderi-speciale.dk\/index.php\/wp-json\/wp\/v2\/pages"}],"about":[{"href":"https:\/\/broderi-speciale.dk\/index.php\/wp-json\/wp\/v2\/types\/page"}],"author":[{"embeddable":true,"href":"https:\/\/broderi-speciale.dk\/index.php\/wp-json\/wp\/v2\/users\/2"}],"replies":[{"embeddable":true,"href":"https:\/\/broderi-speciale.dk\/index.php\/wp-json\/wp\/v2\/comments?post=830"}],"version-history":[{"count":0,"href":"https:\/\/broderi-speciale.dk\/index.php\/wp-json\/wp\/v2\/pages\/830\/revisions"}],"wp:attachment":[{"href":"https:\/\/broderi-speciale.dk\/index.php\/wp-json\/wp\/v2\/media?parent=830"}],"curies":[{"name":"wp","href":"https:\/\/api.w.org\/{rel}","templated":true}]}}